{"id":2,"date":"2016-05-10T03:48:21","date_gmt":"2016-05-10T03:48:21","guid":{"rendered":"http:\/\/nadp.com.br\/?page_id=2"},"modified":"2024-09-21T22:08:17","modified_gmt":"2024-09-21T22:08:17","slug":"sample-page","status":"publish","type":"page","link":"https:\/\/www.nadp.com.br\/","title":{"rendered":"Research and Development"},"content":{"rendered":"\n<p>The A&amp;DP group works on researching and developing chemical and food processes.<\/p>\n\n\n\n<hr class=\"wp-block-separator has-alpha-channel-opacity\"\/>\n\n\n\n<p>O A&amp;DP trabalha na \u00e1rea de pesquisa e desenvolvimento de processos da ind\u00fastria qu\u00edmica e de alimentos.<\/p>\n","protected":false},"excerpt":{"rendered":"<p>The A&amp;DP group works on researching and developing chemical and food processes. O A&amp;DP trabalha na \u00e1rea de pesquisa e desenvolvimento de processos da ind\u00fastria qu\u00edmica e de alimentos.<\/p>\n","protected":false},"author":1,"featured_media":8,"parent":0,"menu_order":0,"comment_status":"closed","ping_status":"open","template":"","meta":[],"_links":{"self":[{"href":"https:\/\/www.nadp.com.br\/index.php?rest_route=\/wp\/v2\/pages\/2"}],"collection":[{"href":"https:\/\/www.nadp.com.br\/index.php?rest_route=\/wp\/v2\/pages"}],"about":[{"href":"https:\/\/www.nadp.com.br\/index.php?rest_route=\/wp\/v2\/types\/page"}],"author":[{"embeddable":true,"href":"https:\/\/www.nadp.com.br\/index.php?rest_route=\/wp\/v2\/users\/1"}],"replies":[{"embeddable":true,"href":"https:\/\/www.nadp.com.br\/index.php?rest_route=%2Fwp%2Fv2%2Fcomments&post=2"}],"version-history":[{"count":5,"href":"https:\/\/www.nadp.com.br\/index.php?rest_route=\/wp\/v2\/pages\/2\/revisions"}],"predecessor-version":[{"id":178,"href":"https:\/\/www.nadp.com.br\/index.php?rest_route=\/wp\/v2\/pages\/2\/revisions\/178"}],"wp:featuredmedia":[{"embeddable":true,"href":"https:\/\/www.nadp.com.br\/index.php?rest_route=\/wp\/v2\/media\/8"}],"wp:attachment":[{"href":"https:\/\/www.nadp.com.br\/index.php?rest_route=%2Fwp%2Fv2%2Fmedia&parent=2"}],"curies":[{"name":"wp","href":"https:\/\/api.w.org\/{rel}","templated":true}]}}